{"id":3898,"date":"2017-02-16T20:41:11","date_gmt":"2017-02-16T20:41:11","guid":{"rendered":"https:\/\/atelierhaussmann.de\/?page_id=3898"},"modified":"2026-02-21T11:15:41","modified_gmt":"2026-02-21T11:15:41","slug":"retailer","status":"publish","type":"page","link":"https:\/\/atelierhaussmann.de\/en\/retailer\/","title":{"rendered":"Retailer"},"content":{"rendered":"<section class=\"wpb-content-wrapper\"><p>[vc_row][vc_column]<div class=\"eut-empty-space eut-height-1x\" style=\"\"><\/div>[\/vc_column][\/vc_row][vc_row][vc_column width=&#8221;1\/4&#8243;][vc_column_text text_style=&#8221;leader-text&#8221;]<\/p>\n<h5 style=\"text-align: center;\">Germany<\/h5>\n<p>[\/vc_column_text]<div class=\"eut-empty-space eut-height-2x\" style=\"\"><\/div>[vc_column_text]<\/p>\n<h5>Aschaffenburg<\/h5>\n<p>[\/vc_column_text][vc_column_text]<a href=\"http:\/\/bop36.de\">BEHAM OBJECT PROJECT<\/a><br \/>\nMarienbader Strasse 16<br \/>\n63741 Aschaffenburg[\/vc_column_text]<div class=\"eut-empty-space eut-height-2x\" style=\"\"><\/div>[vc_column_text]<\/p>\n<h5>Bamberg<\/h5>\n<p>[\/vc_column_text][vc_column_text]<a href=\"https:\/\/wohnwork.de\/wohnwork-showroom-bamberg\/\">GREB WOHNWORK SHOWROOM<\/a><br \/>\nAm Kranen 16<br \/>\n96047 Bamberg[\/vc_column_text]<div class=\"eut-empty-space eut-height-2x\" style=\"\"><\/div>[vc_column_text]<\/p>\n<h5>Berlin<\/h5>\n<p>[\/vc_column_text][vc_column_text]<a href=\"https:\/\/www.designfunktion.de\/\" target=\"_blank\" rel=\"noopener noreferrer\">DESIGNFUNKTION BERLIN<\/a>\u00a0<a href=\"http:\/\/www.exil-wohnmagazin.de\/\" target=\"_blank\" rel=\"noopener noreferrer\"><br \/>\n<\/a>Lindenstra\u00dfe 1<br \/>\n10969 Berlin<\/p>\n<p><a href=\"https:\/\/www.minimum.de\/\" target=\"_blank\" rel=\"noopener noreferrer\">MINIMUM PROJEKT<\/a><br \/>\nPrinzenstra\u00dfe 85 C<br \/>\n10969 Berlin<\/p>\n<p><a href=\"https:\/\/www.minimum.de\/\" target=\"_blank\" rel=\"noopener noreferrer\">MINIMUM<\/a><br \/>\nKantstra\u00dfe 17<br \/>\n10623 Berlin<\/p>\n<p><a href=\"http:\/\/ruby-designliving.de\/\" target=\"_blank\" rel=\"noopener noreferrer\">RUBY DESIGN_LIVING<\/a><br \/>\nJulie-Wolfthorn-Stra\u00dfe 1<br \/>\n10115 Berlin<\/p>\n<p><a href=\"http:\/\/www.unitedspaces.de\/\" target=\"_blank\" rel=\"noopener noreferrer\">UNITEDSPACES EINRICHTEN<\/a><br \/>\nFriedrichstra\u00dfe 200<br \/>\n10117 Berlin[\/vc_column_text]<div class=\"eut-empty-space eut-height-2x\" style=\"\"><\/div>[vc_column_text]<\/p>\n<h5>Darmstadt<\/h5>\n<p>[\/vc_column_text][vc_column_text]<a href=\"http:\/\/funktionmoebel.de\/\" target=\"_blank\" rel=\"noopener noreferrer\">FUNKTION<\/a><br \/>\nFriedensplatz 8<br \/>\n64283 Darmstadt[\/vc_column_text]<div class=\"eut-empty-space eut-height-2x\" style=\"\"><\/div>[vc_column_text]<\/p>\n<h5>Dusseldorf<\/h5>\n<p>[\/vc_column_text][vc_column_text]<a href=\"http:\/\/69m2.de\">69m\u00b2<\/a><br \/>\nLindenstrasse 186<br \/>\n40233 D\u00fcsseldorf<\/p>\n<p><a href=\"https:\/\/www.smow.de\/\">SMOW D\u00dcSSELDORF<\/a><br \/>\nLorettostrasse 28<br \/>\n40221 D\u00fcsseldorf<\/p>\n<p><a href=\"https:\/\/citizenoffice.de\/\">CITIZENOFFICE+HOME<\/a><br \/>\nSpeditionstrasse 17<br \/>\n40221 D\u00fcsseldorf[\/vc_column_text]<div class=\"eut-empty-space eut-height-2x\" style=\"\"><\/div>[vc_column_text]<\/p>\n<h5>Frankfurt am Main<\/h5>\n<p>[\/vc_column_text][vc_column_text]<a href=\"http:\/\/morgen.org\/\" target=\"_blank\" rel=\"noopener noreferrer\">MORGEN \u00a0&#8211; <span style=\"color: #ff0000;\">\u00a0Premium retailer<\/span><\/a><br \/>\nLindleystrasse 5<br \/>\n60314 Frankfurt am Main[\/vc_column_text]<div class=\"eut-empty-space eut-height-2x\" style=\"\"><\/div>[vc_column_text]<\/p>\n<h5>Hamburg<\/h5>\n<p>[\/vc_column_text][vc_column_text]<a href=\"http:\/\/derneuebeckmann.de\/\" target=\"_blank\" rel=\"noopener noreferrer\">DER NEUE BECKMANN<\/a><br \/>\nKlosterstern 4<br \/>\n20149 Hamburg<\/p>\n<p><a href=\"https:\/\/www.gaertnermoebel.de\">G\u00c4RTNER B\u00dcRO UND WOHNEN GMBH<\/a><br \/>\nGro\u00dfe Bleichen 23<br \/>\n20354 Hamburg<\/p>\n<p><a href=\"http:\/\/luv-hamburg.com\/\" target=\"_blank\" rel=\"noopener noreferrer\">LUV INTERIOR HAMBURG<\/a><br \/>\nLagerstrasse 26<br \/>\n20357 Hamburg<\/p>\n<p><a href=\"http:\/\/roomservice-gallery.com\/\" target=\"_blank\" rel=\"noopener noreferrer\">ROOMSERVICE<\/a><br \/>\nLehmweg 56<br \/>\n20251 Hamburg[\/vc_column_text]<div class=\"eut-empty-space eut-height-2x\" style=\"\"><\/div>[vc_column_text]<\/p>\n<h5>Homburg<\/h5>\n<p>[\/vc_column_text][vc_column_text]<a href=\"https:\/\/www.jeromin-einrichtungen.de\/\">JEROMIN<\/a><br \/>\nNeunmorgenstrasse 4<br \/>\n66424 Homburg[\/vc_column_text]<div class=\"eut-empty-space eut-height-2x\" style=\"\"><\/div>[vc_column_text]<\/p>\n<h5>Konstanz<\/h5>\n<p>[\/vc_column_text][vc_column_text]<a href=\"http:\/\/itta.de\/\" target=\"_blank\" rel=\"noopener noreferrer\">ITTA<\/a><br \/>\nParadiesstra\u00dfe 13<br \/>\n78462 Konstanz<\/p>\n<p><a href=\"https:\/\/www.smow.de\/konstanz\/\">SMOW<\/a><br \/>\nZollernstra\u00dfe 29<br \/>\n78462 Konstanz[\/vc_column_text]<div class=\"eut-empty-space eut-height-2x\" style=\"\"><\/div>[vc_column_text]<\/p>\n<h5>K\u00f6ln<\/h5>\n<p>[\/vc_column_text][vc_column_text]<a href=\"http:\/\/www.magazin-koeln.de\">MAGAZIN KLAUS WOLTER KG<\/a><br \/>\nAachener Strasse 40-44<br \/>\n50674 K\u00f6ln[\/vc_column_text]<div class=\"eut-empty-space eut-height-2x\" style=\"\"><\/div>[vc_column_text]<\/p>\n<h5>Markdorf<\/h5>\n<p>[\/vc_column_text][vc_column_text]<a href=\"https:\/\/www.knoblauch.eu\">KNOBLAUCH<\/a><br \/>\nZeppelinstrasse 8<br \/>\n88677 Markdorf[\/vc_column_text]<div class=\"eut-empty-space eut-height-2x\" style=\"\"><\/div>[vc_column_text]<\/p>\n<h5>M\u00fcnchen<\/h5>\n<p>[\/vc_column_text][vc_column_text]<a href=\"http:\/\/www.designfunktion.de\">DESIGNFUNKTION<\/a><br \/>\nLeopoldstra\u00dfe 121<br \/>\n80804 M\u00fcnchen<\/p>\n<p><a href=\"http:\/\/robertwidmann.de\/\" target=\"_blank\" rel=\"noopener noreferrer\">ROBERT WIDMANN EINRICHTUNGEN<\/a><br \/>\nrwi GmbH<br \/>\nBrienner Strasse 48<br \/>\n80333 M\u00fcnchen[\/vc_column_text]<div class=\"eut-empty-space eut-height-2x\" style=\"\"><\/div>[vc_column_text]<\/p>\n<h5>M\u00fcnster<\/h5>\n<p>[\/vc_column_text][vc_column_text]<a href=\"https:\/\/www.krukenkamp.de\/\">KRUKENKAMP INTERIORS<\/a><br \/>\nHafenweg 14<br \/>\n48155 M\u00fcnster[\/vc_column_text]<div class=\"eut-empty-space eut-height-2x\" style=\"\"><\/div>[vc_column_text]<\/p>\n<h5>Nagold<\/h5>\n<p>[\/vc_column_text][vc_column_text]<a href=\"http:\/\/www.architare.de\/\" target=\"_blank\" rel=\"noopener noreferrer\">ARCHITARE BARBARA BENZ EINRICHTEN<\/a><br \/>\nVordere Kernenstrasse 2<br \/>\n72202 Nagold[\/vc_column_text]<div class=\"eut-empty-space eut-height-2x\" style=\"\"><\/div>[vc_column_text]<\/p>\n<h5>Radolfzell<\/h5>\n<p>[\/vc_column_text][vc_column_text]<a href=\"http:\/\/wohnstudio-mattes.de\/\" target=\"_blank\" rel=\"noopener noreferrer\">WOHNSTUDIO MATTES<\/a><br \/>\nSankt-Johannis-Strasse 2-4<br \/>\n78315 Radolfzell[\/vc_column_text]<div class=\"eut-empty-space eut-height-2x\" style=\"\"><\/div>[vc_column_text]<\/p>\n<h5>Ratingen<\/h5>\n<p>[\/vc_column_text][vc_column_text]<a href=\"https:\/\/www.molitors.de\/\">MOLITORS<\/a><br \/>\nHans-B\u00f6ckler-Strasse 8<br \/>\n40878 Ratingen[\/vc_column_text]<div class=\"eut-empty-space eut-height-2x\" style=\"\"><\/div>[vc_column_text]<\/p>\n<h5>Stuttgart<\/h5>\n<p>[\/vc_column_text][vc_column_text]<a href=\"http:\/\/finecraft.de\/\" target=\"_blank\" rel=\"noopener noreferrer\">FINECRAFT<\/a><br \/>\nG\u00e4hkopf 5<br \/>\n70192 Stuttgart<\/p>\n<p><a href=\"http:\/\/architare.de\/\" target=\"_blank\" rel=\"noopener noreferrer\">FLEINER M\u00d6BEL by architare<\/a><br \/>\nStresemannstrasse 1<br \/>\n70192 Stuttgart<\/p>\n<p><a href=\"http:\/\/kampe54.de\/home\/index.htm\">KAMPE | 54<\/a><br \/>\nDanneckerstrasse 48<br \/>\n70182 Stuttgart<\/p>\n<p><a href=\"http:\/\/unternehmenform.de\/\" target=\"_blank\" rel=\"noopener noreferrer\">UNTERNEHMENFORM<\/a><br \/>\nNesenbachstrasse 48<br \/>\n70178 Stuttgart[\/vc_column_text][\/vc_column][vc_column width=&#8221;1\/4&#8243;][vc_column_text text_style=&#8221;subtitle&#8221;]<\/p>\n<h5><strong>Europe<\/strong><\/h5>\n<p>[\/vc_column_text]<div class=\"eut-empty-space eut-height-2x\" style=\"\"><\/div>[vc_column_text]<\/p>\n<h5>Belgium<\/h5>\n<p>[\/vc_column_text][vc_column_text]<a href=\"https:\/\/www.fourrooms.be\/\" target=\"_blank\" rel=\"noopener noreferrer\">FOUR ROOMS<\/a><br \/>\nTrekweg 7A<br \/>\n9030 Gent<\/p>\n<p><a href=\"https:\/\/www.pietmoodshop.be\/\" target=\"_blank\" rel=\"noopener noreferrer\">PIET MOODSHOP<\/a><br \/>\nGraanmarkt 2<br \/>\n2000 Antwerpen[\/vc_column_text]<div class=\"eut-empty-space eut-height-2x\" style=\"\"><\/div>[vc_column_text]<\/p>\n<h5>Croatia<\/h5>\n<p>[\/vc_column_text][vc_column_text]<\/p>\n<div class=\"\"><a href=\"http:\/\/maros.si\/sl\">NOVI OBLIK<\/a><\/div>\n<div class=\"\">Cebini 39, Buzin<\/div>\n<div class=\"\">10010 Zagreb<\/div>\n<p>[\/vc_column_text]<div class=\"eut-empty-space eut-height-2x\" style=\"\"><\/div>[vc_column_text]<\/p>\n<h5>Italy<\/h5>\n<p>[\/vc_column_text][vc_column_text]<\/p>\n<div class=\"\"><a href=\"http:\/\/euremainterni.it\" target=\"_blank\" rel=\"noopener noreferrer\">\u00c8UREMA INTERNI<\/a><\/div>\n<div class=\"\">Via G. Mazzini, 21<\/div>\n<div class=\"\">30031 Dolo<\/div>\n<div><\/div>\n<div class=\"\"><a href=\"http:\/\/euremainterni.it\" target=\"_blank\" rel=\"noopener noreferrer\">\u00c8UREMA INTERNI<\/a><\/div>\n<div class=\"\">Via G. Bruno, 24\/a<\/div>\n<div class=\"\">35124 Padova IT<\/div>\n<p>[\/vc_column_text]<div class=\"eut-empty-space eut-height-2x\" style=\"\"><\/div>[vc_column_text]<\/p>\n<h5>Luxemburg<\/h5>\n<p>[\/vc_column_text][vc_column_text]<\/p>\n<div class=\"\"><a href=\"http:\/\/www.ytter.lu\">YTTER DESIGN<\/a><\/div>\n<div class=\"\">183 Rue de Luxembourg<\/div>\n<div class=\"\">8077 Bertrande<\/div>\n<p>[\/vc_column_text]<div class=\"eut-empty-space eut-height-2x\" style=\"\"><\/div>[vc_column_text]<\/p>\n<h5>Netherlands<\/h5>\n<p>[\/vc_column_text][vc_column_text]<a class=\"\" href=\"http:\/\/www.carlosinhuis.nl\/\">CARLOS IN HUIS<br \/>\n<\/a>Hofstraat 13-15<br \/>\n7411 PD Deventer<\/p>\n<p><a href=\"http:\/\/www.edha-interieur.nl\">EDHA INTERIEUR<\/a><br \/>\nWillemsparkweg 5-9 &amp; 10<br \/>\n1071 GN Amsterdam<\/p>\n<p><a href=\"http:\/\/www.homestede.nl\">HOMESTEDE<\/a><br \/>\nRaadhuisstraat 86-88<br \/>\n2101 HJ Heemstede<\/p>\n<p><a href=\"http:\/\/www.pot.nl\">POT INTERIEUR BV<\/a><br \/>\nNieuwendijk 89<br \/>\n4571 LH Axel<\/p>\n<p><a href=\"http:\/\/workshopofwonders.nl\/\" target=\"_blank\" rel=\"noopener noreferrer\">WONDERS INTERIORS<\/a><br \/>\nWolvenplein 25<br \/>\n3512 CK Utrecht[\/vc_column_text]<div class=\"eut-empty-space eut-height-2x\" style=\"\"><\/div>[vc_column_text]<\/p>\n<h5>Austria<\/h5>\n<p>[\/vc_column_text][vc_column_text]<a href=\"https:\/\/www.cor-interluebke.at\/\">COR INTERL\u00dcBKE STUDIO WIEN<\/a><br \/>\nTuchlauben 21<br \/>\n1010 Vienna<\/p>\n<p><a href=\"http:\/\/dasmoebel.at\">DAS M\u00d6BEL<\/a><br \/>\nGumpendorferstrasse 11<br \/>\n1060 Vienna<\/p>\n<p><a href=\"http:\/\/www.moodwien.at\">MOOD<\/a><br \/>\nSchleifmuehlgasse 13<br \/>\n1040 Vienna[\/vc_column_text]<div class=\"eut-empty-space eut-height-2x\" style=\"\"><\/div>[vc_column_text]<\/p>\n<h5>Switzerland<\/h5>\n<p>[\/vc_column_text][vc_column_text]<a href=\"http:\/\/www.minimal-design.ch\">MINIMAL SELECTED DESIGN<\/a><br \/>\nRosshofgasse 9<br \/>\n4051 Basel<\/p>\n<p><a href=\"http:\/\/www.walterwalter.ch\">WALTER VINTAGE<\/a><br \/>\nGeroldstrasse 15<br \/>\n8005 Z\u00fcrich[\/vc_column_text]<div class=\"eut-empty-space eut-height-2x\" style=\"\"><\/div>[vc_column_text]<\/p>\n<h5>Slovenia<\/h5>\n<p>[\/vc_column_text][vc_column_text]<\/p>\n<div class=\"\"><a href=\"http:\/\/maros.si\/sl\">MAROS<\/a><\/div>\n<div class=\"\">Smartinska cesta 53<\/div>\n<div class=\"\">1000 Ljubljana<\/div>\n<p>[\/vc_column_text][\/vc_column][vc_column width=&#8221;1\/4&#8243;][vc_column_text]<\/p>\n<h5><strong>World<\/strong><\/h5>\n<p>[\/vc_column_text]<div class=\"eut-empty-space eut-height-2x\" style=\"\"><\/div>[vc_column_text animation_delay=&#8221;&#8221; animation_duration=&#8221;very-fast&#8221;]<\/p>\n<h5>Japan<\/h5>\n<p>[\/vc_column_text][vc_column_text]<a href=\"http:\/\/moodasoame.co.jp\/\">MOODA SOAME<\/a><br \/>\n<span class=\"Apple-style-span\">1.14.16 Kitahorie<\/span><br \/>\n<span class=\"Apple-style-span\">Nishiku<\/span><br \/>\n<span class=\"Apple-style-span\">Osaka\u00a0<\/span><span class=\"Apple-style-span\">550 0014<\/span>[\/vc_column_text]<div class=\"eut-empty-space eut-height-2x\" style=\"\"><\/div>[vc_column_text]<\/p>\n<h5>Russia<\/h5>\n<p>[\/vc_column_text][vc_column_text]<a href=\"http:\/\/design-gallery.ru\/\" target=\"_blank\" rel=\"noopener noreferrer\">BULTHAUP CENTER<\/a><br \/>\nBY DESIGN GALLERY ST. PETERSBURG<br \/>\nUl. Bolshaya Konjushennaya 2<br \/>\n191186 St. Petersburg[\/vc_column_text]<div class=\"eut-empty-space eut-height-2x\" style=\"\"><\/div>[vc_column_text animation_delay=&#8221;&#8221; animation_duration=&#8221;very-fast&#8221;]<\/p>\n<h5>USA<\/h5>\n<p>[\/vc_column_text][vc_column_text]<a href=\"https:\/\/stillfried.com\/\">STILLFRIED WIEN<\/a><br \/>\n<span class=\"Apple-style-span\">40 Walker Street<\/span><br \/>\nNew York, 10013 NY[\/vc_column_text][\/vc_column][vc_column width=&#8221;1\/4&#8243;][vc_column_text]<\/p>\n<h5><strong>Online<\/strong><\/h5>\n<p>[\/vc_column_text]<div class=\"eut-empty-space eut-height-2x\" style=\"\"><\/div>[vc_column_text]<a href=\"http:\/\/cairo.de\/\" target=\"_blank\" rel=\"noopener noreferrer\">www.cairo.de<\/a><br \/>\n<a href=\"https:\/\/shop.gaertnermoebel.de\">www.shop.gaertnermoebel.de<\/a><br \/>\n<a href=\"http:\/\/goodform.ch\/\" target=\"_blank\" rel=\"noopener noreferrer\">www.goodform.ch<br \/>\n<\/a><a href=\"http:\/\/manufactum.de\/\" target=\"_blank\" rel=\"noopener noreferrer\">www.manufactum.de<br \/>\n<\/a><a href=\"http:\/\/www.pamono.de\">www.pamono.de<\/a>[\/vc_column_text][\/vc_column][\/vc_row]<\/p>\n<\/section>","protected":false},"excerpt":{"rendered":"<p>[vc_row][vc_column][\/vc_column][\/vc_row][vc_row][vc_column width=&#8221;1\/4&#8243;][vc_column_text text_style=&#8221;leader-text&#8221;] Germany [\/vc_column_text][vc_column_text] Aschaffenburg [\/vc_column_text][vc_column_text]BEHAM OBJECT PROJECT Marienbader Strasse 16 63741 Aschaffenburg[\/vc_column_text][vc_column_text] Bamberg [\/vc_column_text][vc_column_text]GREB WOHNWORK SHOWROOM Am Kranen 16 96047 Bamberg[\/vc_column_text][vc_column_text] Berlin [\/vc_column_text][vc_column_text]DESIGNFUNKTION BERLIN\u00a0 Lindenstra\u00dfe 1 10969 Berlin MINIMUM PROJEKT Prinzenstra\u00dfe 85 C 10969 Berlin MINIMUM Kantstra\u00dfe 17 10623 Berlin RUBY DESIGN_LIVING Julie-Wolfthorn-Stra\u00dfe 1 10115 Berlin UNITEDSPACES EINRICHTEN Friedrichstra\u00dfe 200 10117 Berlin[\/vc_column_text][vc_column_text] Darmstadt [&hellip;]<\/p>\n","protected":false},"author":2,"featured_media":0,"parent":0,"menu_order":45,"comment_status":"closed","ping_status":"closed","template":"","meta":{"_acf_changed":false,"footnotes":""},"yst_prominent_words":[230,212,788,787,208,202,203,371,404,768,200,209,204,206,205],"class_list":["post-3898","page","type-page","status-publish","hentry"],"acf":[],"_links":{"self":[{"href":"https:\/\/atelierhaussmann.de\/en\/wp-json\/wp\/v2\/pages\/3898","targetHints":{"allow":["GET"]}}],"collection":[{"href":"https:\/\/atelierhaussmann.de\/en\/wp-json\/wp\/v2\/pages"}],"about":[{"href":"https:\/\/atelierhaussmann.de\/en\/wp-json\/wp\/v2\/types\/page"}],"author":[{"embeddable":true,"href":"https:\/\/atelierhaussmann.de\/en\/wp-json\/wp\/v2\/users\/2"}],"replies":[{"embeddable":true,"href":"https:\/\/atelierhaussmann.de\/en\/wp-json\/wp\/v2\/comments?post=3898"}],"version-history":[{"count":12,"href":"https:\/\/atelierhaussmann.de\/en\/wp-json\/wp\/v2\/pages\/3898\/revisions"}],"predecessor-version":[{"id":24782,"href":"https:\/\/atelierhaussmann.de\/en\/wp-json\/wp\/v2\/pages\/3898\/revisions\/24782"}],"wp:attachment":[{"href":"https:\/\/atelierhaussmann.de\/en\/wp-json\/wp\/v2\/media?parent=3898"}],"wp:term":[{"taxonomy":"yst_prominent_words","embeddable":true,"href":"https:\/\/atelierhaussmann.de\/en\/wp-json\/wp\/v2\/yst_prominent_words?post=3898"}],"curies":[{"name":"wp","href":"https:\/\/api.w.org\/{rel}","templated":true}]}}