{"id":19734,"date":"2020-05-12T08:53:16","date_gmt":"2020-05-12T08:53:16","guid":{"rendered":"https:\/\/atelierhaussmann.de\/?post_type=product&#038;p=19734\/"},"modified":"2023-03-27T14:24:14","modified_gmt":"2023-03-27T14:24:14","slug":"laszlo-chair","status":"publish","type":"product","link":"https:\/\/atelierhaussmann.de\/en\/produkt\/laszlo-chair\/","title":{"rendered":"L\u00c1SZL\u00d3"},"content":{"rendered":"<div class=\"rte\">\n<p><strong>L\u00c1SZL\u00d3<\/strong><br \/>\nCantilever Chair<\/p>\n<p>Design: Andree Wei\u00dfert<\/p>\n<p>L\u00c1SZL\u00d3\u2019s frame of round tubes is powder- coated with matt black, solvent-free polyester resin. It has the silhouette of a cantilever chair, but still has all its feet grounded. This chair is designed to be sat on for a long while. The seat shell and backrest, made of molded ash plywood, provides optimal seating comfort.<\/p>\n<p>Black- matt (RAL 9005) \/ further RAL colors are available on request<\/p>\n<p>Dimension:<br \/>\nFrame: Height 84 cm, Length 40 cm, Depth 59 cm<br \/>\nSeat: Width \u00a040 cm x Depth 41 cm<br \/>\nSeat Height: 46 cm<\/p>\n<\/div>\n<div class=\"rte\"><span style=\"font-size: xx-small;\">Preise inkl. MwSt.<br \/>\n<\/span><\/div>\n","protected":false},"excerpt":{"rendered":"<p>L\u00c1SZL\u00d3 Cantilever Chair Design: Andree Wei\u00dfert L\u00c1SZL\u00d3\u2019s frame of round tubes is powder- coated with matt black, solvent-free polyester resin. It has the silhouette of a cantilever chair, but still has all its feet grounded. This chair is designed to be sat on for a long while. The seat shell and backrest, made of molded [&hellip;]<\/p>\n","protected":false},"featured_media":24078,"template":"","meta":{"_acf_changed":false},"product_brand":[],"product_cat":[177],"product_tag":[577,156],"class_list":{"0":"post-19734","1":"product","2":"type-product","3":"status-publish","4":"has-post-thumbnail","6":"product_cat-uncategorized","7":"product_tag-freischwinger","8":"product_tag-stuhl","9":"product_shipping_class-klasse-b","11":"first","12":"instock","13":"taxable","14":"shipping-taxable","15":"purchasable","16":"product-type-simple"},"acf":[],"_links":{"self":[{"href":"https:\/\/atelierhaussmann.de\/en\/wp-json\/wp\/v2\/product\/19734","targetHints":{"allow":["GET"]}}],"collection":[{"href":"https:\/\/atelierhaussmann.de\/en\/wp-json\/wp\/v2\/product"}],"about":[{"href":"https:\/\/atelierhaussmann.de\/en\/wp-json\/wp\/v2\/types\/product"}],"wp:featuredmedia":[{"embeddable":true,"href":"https:\/\/atelierhaussmann.de\/en\/wp-json\/wp\/v2\/media\/24078"}],"wp:attachment":[{"href":"https:\/\/atelierhaussmann.de\/en\/wp-json\/wp\/v2\/media?parent=19734"}],"wp:term":[{"taxonomy":"product_brand","embeddable":true,"href":"https:\/\/atelierhaussmann.de\/en\/wp-json\/wp\/v2\/product_brand?post=19734"},{"taxonomy":"product_cat","embeddable":true,"href":"https:\/\/atelierhaussmann.de\/en\/wp-json\/wp\/v2\/product_cat?post=19734"},{"taxonomy":"product_tag","embeddable":true,"href":"https:\/\/atelierhaussmann.de\/en\/wp-json\/wp\/v2\/product_tag?post=19734"}],"curies":[{"name":"wp","href":"https:\/\/api.w.org\/{rel}","templated":true}]}}